{"id":1302,"date":"2016-11-20T20:04:39","date_gmt":"2016-11-20T19:04:39","guid":{"rendered":"http:\/\/127.0.0.1:81\/wordpress\/?page_id=1302"},"modified":"2017-03-26T14:03:52","modified_gmt":"2017-03-26T13:03:52","slug":"spielgruppen","status":"publish","type":"page","link":"https:\/\/zitherclub-ossweil.de\/?page_id=1302","title":{"rendered":"Spielgruppen"},"content":{"rendered":"<p>Seit 1919 wird im Ludwigsburger Stadtteil O\u00dfweil Zither gespielt. Der Verein musiziert derzeit in zwei Orchestern\u00a0und einer Jugendgruppe mit insgesamt etwa 30 aktiven Spielerinnen und Spielern.<\/p>\n<p>Das 1. und das 2. Orchester nahmen bereits mit gro\u00dfem Erfolg am Deutschen Orchesterwettbewerb teil und konnten auf Bundesebene zahlreiche Preise erzielen. Besonders stolz ist der Verein auf seine Jugendarbeit, aus der schon mehrfach Preistr\u00e4ger bei \u201eJugend musiziert\u201c hervorgegangen sind.<\/p>\n<p>Der Zitherclub O\u00dfweil pflegt die gesamte Bandbreite heutiger Zithermusik, die von traditioneller Volksmusik bis zu Werken zeitgen\u00f6ssischer Komponisten reicht und macht auch vor St\u00fccken wie \u201eStairway to Heaven\u201c oder \u201eBohemian Rapsody\u201c nicht halt. Mit Motto-Konzerten wie \u201eFlower Power\u201c, \u201eZitherclub meets Hollywood\u201c oder \u201eDie goldenen 50er Jahre\u201c \u2013 die meisten der St\u00fccke werden vom Dirigenten Wolfram Breckle eigens daf\u00fcr arrangiert \u2013 geht der Zitherclub O\u00dfweil e.V. neue Wege.<\/p>\n<p>&nbsp;<\/p>\n<h2>Erstes\u00a0Orchester<\/h2>\n<p>Das 1. Orchester besteht aus 18 Personen.\u00a0Neben den Zitherinstrumenten Diskant-, Alt-, Bass- und Quintzither erg\u00e4nzen Gitarren, Kontragitarre und bei Bedarf Hackbrett, Harfe, Violine und Schlagzeug das Orchester.<\/p>\n<p>Gespielt werden meist eigens f\u00fcr dieses Orchester arrangierte St\u00fccke, oftmals bekannte Melodien, die die Zuh\u00f6rer regelm\u00e4\u00dfig begeistern. Die Spielerinnen und Spieler musizieren im Stehen auf extra angefertigten Tischen, um den Schwung besser auf das Publikum \u00fcbertragen zu k\u00f6nnen. F\u00fcr die Jahreskonzerte, die seit 2008 unter unterschiedlichen Mottos stehen, verkleiden sich die Musiker dem Thema entsprechend.<\/p>\n<figure id=\"attachment_1626\" aria-describedby=\"caption-attachment-1626\" style=\"width: 300px\" class=\"wp-caption alignnone\"><img loading=\"lazy\" decoding=\"async\" class=\"size-medium wp-image-1626\" src=\"http:\/\/zitherclub-ossweil.de\/wp-content\/uploads\/2017\/03\/Jahreskonzertflowerpower-810x538-300x199.jpg\" alt=\"\" width=\"300\" height=\"199\" srcset=\"https:\/\/zitherclub-ossweil.de\/wp-content\/uploads\/2017\/03\/Jahreskonzertflowerpower-810x538-300x199.jpg 300w, https:\/\/zitherclub-ossweil.de\/wp-content\/uploads\/2017\/03\/Jahreskonzertflowerpower-810x538-768x510.jpg 768w, https:\/\/zitherclub-ossweil.de\/wp-content\/uploads\/2017\/03\/Jahreskonzertflowerpower-810x538.jpg 810w\" sizes=\"auto, (max-width: 300px) 100vw, 300px\" \/><figcaption id=\"caption-attachment-1626\" class=\"wp-caption-text\">Jahreskonzert 2015 &#8211; Motto Flower-Power<\/figcaption><\/figure>\n<p>Beim Deutschen Orchesterwettbewerb 2016 erzielte das 1. Orchester des Zitherclubs O\u00dfweil das beste Ergebnis aller teilnehmenden Zitherorchester.<\/p>\n<figure id=\"attachment_1650\" aria-describedby=\"caption-attachment-1650\" style=\"width: 300px\" class=\"wp-caption alignnone\"><img loading=\"lazy\" decoding=\"async\" class=\"size-medium wp-image-1650\" src=\"http:\/\/zitherclub-ossweil.de\/wp-content\/uploads\/2017\/03\/dow05-300x200.jpg\" alt=\"\" width=\"300\" height=\"200\" srcset=\"https:\/\/zitherclub-ossweil.de\/wp-content\/uploads\/2017\/03\/dow05-300x200.jpg 300w, https:\/\/zitherclub-ossweil.de\/wp-content\/uploads\/2017\/03\/dow05.jpg 676w\" sizes=\"auto, (max-width: 300px) 100vw, 300px\" \/><figcaption id=\"caption-attachment-1650\" class=\"wp-caption-text\">Erstes Orchester beim Deutschen Orchesterwettbewerb<\/figcaption><\/figure>\n<p>&nbsp;<\/p>\n<div id=\"wrapper\" class=\"en-wrapper\"><\/div>\n<p>&nbsp;<\/p>\n<h2>Zweites\u00a0Orchester<\/h2>\n<figure id=\"attachment_1647\" aria-describedby=\"caption-attachment-1647\" style=\"width: 300px\" class=\"wp-caption alignleft\"><img loading=\"lazy\" decoding=\"async\" class=\"size-medium wp-image-1647\" src=\"http:\/\/zitherclub-ossweil.de\/wp-content\/uploads\/2017\/03\/adv023-300x225.jpg\" alt=\"\" width=\"300\" height=\"225\" srcset=\"https:\/\/zitherclub-ossweil.de\/wp-content\/uploads\/2017\/03\/adv023-300x225.jpg 300w, https:\/\/zitherclub-ossweil.de\/wp-content\/uploads\/2017\/03\/adv023.jpg 528w\" sizes=\"auto, (max-width: 300px) 100vw, 300px\" \/><figcaption id=\"caption-attachment-1647\" class=\"wp-caption-text\">Zweites Orchester<\/figcaption><\/figure>\n<p>Das 2. Orchester des Zitherclubs O\u00dfweil besteht aus 10 Personen. Das Repertoire reicht von volkst\u00fcmlicher Musik bis hin zu Schlagern und Evergreens und regt das Publikum regelm\u00e4\u00dfig zum Mitsummen an.<\/p>\n<p>Viele der Spielerinnen und Spieler spielen schon seit 50 Jahren Zither im Verein.<\/p>\n<figure id=\"attachment_1794\" aria-describedby=\"caption-attachment-1794\" style=\"width: 403px\" class=\"wp-caption alignleft\"><img loading=\"lazy\" decoding=\"async\" src=\"http:\/\/zitherclub-ossweil.de\/wp-content\/uploads\/2017\/03\/FruehlingsfeierZCO2017-1.jpg\" alt=\"\" width=\"302\" height=\"227\" class=\"size-full wp-image-1794\" srcset=\"https:\/\/zitherclub-ossweil.de\/wp-content\/uploads\/2017\/03\/FruehlingsfeierZCO2017-1.jpg 4032w, https:\/\/zitherclub-ossweil.de\/wp-content\/uploads\/2017\/03\/FruehlingsfeierZCO2017-1-300x225.jpg 300w, https:\/\/zitherclub-ossweil.de\/wp-content\/uploads\/2017\/03\/FruehlingsfeierZCO2017-1-768x576.jpg 768w, https:\/\/zitherclub-ossweil.de\/wp-content\/uploads\/2017\/03\/FruehlingsfeierZCO2017-1-1024x768.jpg 1024w\" sizes=\"auto, (max-width: 302px) 100vw, 302px\" \/><figcaption id=\"caption-attachment-1794\" class=\"wp-caption-text\">Das zweite Orchester bei der Fr\u00fchlingsfeier 2017<\/figcaption><\/figure>\n<div class=\"mceTemp\"><\/div>\n<p>&nbsp;<\/p>\n<h2><\/h2>\n<h2><\/h2>\n<h2><\/h2>\n<p>&nbsp;<br \/>\n&nbsp;<br \/>\n&nbsp;&nbsp;<br \/>\n&nbsp;&nbsp;<br \/>\n&nbsp;&nbsp;<br \/>\n&nbsp;<\/p>\n<h2>Die Schrammelgruppe<\/h2>\n<p>Die Schrammelgruppe spielt in unterschiedlichen Besetzungen. Sie besteht aus zwei bis vier Zithern, eins bis zwei Gitarren und einem Bass. Die Schrammelgruppe spielt regelm\u00e4\u00dfig auf dem Ludwigsburger Wochenmarkt, beim Schlosshoffest, in Seniorenheimen und bei Geburtstagen oder \u00e4hnlichen Feierlichkeiten.<\/p>\n<p>Die Schrammelgruppe des Zitherclubs O\u00dfweil k\u00f6nnen sie f\u00fcr Ihre Festlichkeit buchen. Anfragen oder buchen k\u00f6nnen Sie die Schrammelgruppe per E-Mail an 1.Vorsitzende@Zitherclub-Ossweil.de<\/p>\n<p>&nbsp;<\/p>\n<p>&nbsp;<\/p>\n<p>&nbsp;<\/p>\n<p><a href=\"http:\/\/127.0.0.1:81\/wordpress\/auszeichnungen\/\">Auszeichnungen<\/a><\/p>\n<p>&nbsp;<\/p>\n","protected":false},"excerpt":{"rendered":"<p>Seit 1919 wird im Ludwigsburger Stadtteil O\u00dfweil Zither gespielt. Der Verein musiziert derzeit in zwei Orchestern\u00a0und einer Jugendgruppe mit insgesamt etwa 30 aktiven Spielerinnen und Spielern. Das 1. und das 2. Orchester nahmen bereits mit gro\u00dfem Erfolg am Deutschen Orchesterwettbewerb teil und konnten auf Bundesebene zahlreiche Preise erzielen. Besonders stolz ist der Verein auf seine [&hellip;]<\/p>\n","protected":false},"author":1,"featured_media":0,"parent":1429,"menu_order":1,"comment_status":"closed","ping_status":"closed","template":"","meta":{"gt_page_layout":"","gt_hide_page_title":false,"gt_remove_bottom_margin":false,"footnotes":""},"class_list":["post-1302","page","type-page","status-publish","hentry"],"_links":{"self":[{"href":"https:\/\/zitherclub-ossweil.de\/index.php?rest_route=\/wp\/v2\/pages\/1302","targetHints":{"allow":["GET"]}}],"collection":[{"href":"https:\/\/zitherclub-ossweil.de\/index.php?rest_route=\/wp\/v2\/pages"}],"about":[{"href":"https:\/\/zitherclub-ossweil.de\/index.php?rest_route=\/wp\/v2\/types\/page"}],"author":[{"embeddable":true,"href":"https:\/\/zitherclub-ossweil.de\/index.php?rest_route=\/wp\/v2\/users\/1"}],"replies":[{"embeddable":true,"href":"https:\/\/zitherclub-ossweil.de\/index.php?rest_route=%2Fwp%2Fv2%2Fcomments&post=1302"}],"version-history":[{"count":9,"href":"https:\/\/zitherclub-ossweil.de\/index.php?rest_route=\/wp\/v2\/pages\/1302\/revisions"}],"predecessor-version":[{"id":1846,"href":"https:\/\/zitherclub-ossweil.de\/index.php?rest_route=\/wp\/v2\/pages\/1302\/revisions\/1846"}],"up":[{"embeddable":true,"href":"https:\/\/zitherclub-ossweil.de\/index.php?rest_route=\/wp\/v2\/pages\/1429"}],"wp:attachment":[{"href":"https:\/\/zitherclub-ossweil.de\/index.php?rest_route=%2Fwp%2Fv2%2Fmedia&parent=1302"}],"curies":[{"name":"wp","href":"https:\/\/api.w.org\/{rel}","templated":true}]}}