{"id":1328,"date":"2016-12-04T18:16:29","date_gmt":"2016-12-04T17:16:29","guid":{"rendered":"http:\/\/127.0.0.1:81\/wordpress\/?page_id=1328"},"modified":"2019-07-07T15:09:21","modified_gmt":"2019-07-07T14:09:21","slug":"ausbildung","status":"publish","type":"page","link":"https:\/\/zitherclub-ossweil.de\/?page_id=1328","title":{"rendered":"Ausbildung"},"content":{"rendered":"<h2><\/h2>\n<h2>Orchesterprobe 1. Orchester<\/h2>\n<p>Jeden Donnerstag von 20:00 bis 21.30 Uhr im O\u00dfweiler Schloss<br \/>\nFlurstr. 5, 71640 Ludwigsburg-O\u00dfweil<\/p>\n<h2>Orchesterprobe 2. Orchester<\/h2>\n<p>Jeden Donnerstag von 19:00 bis 20:00 Uhr im O\u00dfweiler Schloss.<br \/>\nFlurstr. 5, 71640 Ludwigsburg-O\u00dfweil<\/p>\n<h2>Einzelunterricht<\/h2>\n<p>Einzelunterricht f\u00fcr jedes Alter bei unseren C-Schein-Ausbildern.<br \/>\nEinmal pro Woche f\u00fcr 45 Minuten, Termin nach Absprache.<\/p>\n<h2>Monochord-Zither<\/h2>\n<p>Gruppenunterricht im Schulgeb\u00e4ude der Schl\u00f6sslesfeldschule, Corneliustr. 36, 71640 Ludwigsburg<\/p>\n<p>Wir unterrichten die\u00a0Kinder einmal w\u00f6chentlich nachmittags f\u00fcr 45 Minuten. In den Schulferien findet kein Unterricht statt. Die Kinder lernen bei uns die Grundelemente der Musik: Noten lesen, Rhythmik und vor allem Spa\u00df am Musizieren in der Gemeinschaft.<\/p>\n<p>Das Instrument hat eine (mono) Saite (Chord), einen Resonanzk\u00f6rper und ein Griffbrett besonderer Art: Die B\u00fcnde k\u00f6nnen in Halbtonabst\u00e4nden in das Griffbrett eingesteckt werden, daher: Steckbund-Monochord. Vor jedem Spielen m\u00fcssen die f\u00fcr das betreffende St\u00fcck ben\u00f6tigten B\u00fcnde in das Griffbrett eingesetzt werden, und zwar an der &#8222;richtigen&#8220; Stelle, die an einer Notenskala neben dem Griffbrett abgelesen werden kann.<br \/>\nDie Tonerzeugung ist denkbar einfach und v\u00f6llig durchschaubar: Eine Hand greift an den Steckb\u00fcnden die Tonh\u00f6hen ab, die andere bringt die Saite zum Klingen. Die elementare, von Rechts- wie auch von Linksh\u00e4ndern gleicherma\u00dfen leicht ausf\u00fchrbare Spielhandlung koordiniert die Sensomotorik der Arme, H\u00e4nde und Finger und entwickelt auf diese Weise die physiologische Grundlage der Musikalit\u00e4t.<\/p>\n<figure id=\"attachment_1693\" aria-describedby=\"caption-attachment-1693\" style=\"width: 300px\" class=\"wp-caption alignnone\"><img loading=\"lazy\" decoding=\"async\" class=\"size-medium wp-image-1693\" src=\"http:\/\/zitherclub-ossweil.de\/wp-content\/uploads\/2016\/12\/monochord-300x168.jpg\" alt=\"\" width=\"300\" height=\"168\" srcset=\"https:\/\/zitherclub-ossweil.de\/wp-content\/uploads\/2016\/12\/monochord-300x168.jpg 300w, https:\/\/zitherclub-ossweil.de\/wp-content\/uploads\/2016\/12\/monochord.jpg 480w\" sizes=\"auto, (max-width: 300px) 100vw, 300px\" \/><figcaption id=\"caption-attachment-1693\" class=\"wp-caption-text\">Steckbundmonochord<\/figcaption><\/figure>\n","protected":false},"excerpt":{"rendered":"<p>Orchesterprobe 1. Orchester Jeden Donnerstag von 20:00 bis 21.30 Uhr im O\u00dfweiler Schloss Flurstr. 5, 71640 Ludwigsburg-O\u00dfweil Orchesterprobe 2. Orchester Jeden Donnerstag von 19:00 bis 20:00 Uhr im O\u00dfweiler Schloss. Flurstr. 5, 71640 Ludwigsburg-O\u00dfweil Einzelunterricht Einzelunterricht f\u00fcr jedes Alter bei unseren C-Schein-Ausbildern. Einmal pro Woche f\u00fcr 45 Minuten, Termin nach Absprache. Monochord-Zither Gruppenunterricht im Schulgeb\u00e4ude [&hellip;]<\/p>\n","protected":false},"author":1,"featured_media":0,"parent":0,"menu_order":0,"comment_status":"closed","ping_status":"closed","template":"","meta":{"gt_page_layout":"","gt_hide_page_title":false,"gt_remove_bottom_margin":false,"footnotes":""},"class_list":["post-1328","page","type-page","status-publish","hentry"],"_links":{"self":[{"href":"https:\/\/zitherclub-ossweil.de\/index.php?rest_route=\/wp\/v2\/pages\/1328","targetHints":{"allow":["GET"]}}],"collection":[{"href":"https:\/\/zitherclub-ossweil.de\/index.php?rest_route=\/wp\/v2\/pages"}],"about":[{"href":"https:\/\/zitherclub-ossweil.de\/index.php?rest_route=\/wp\/v2\/types\/page"}],"author":[{"embeddable":true,"href":"https:\/\/zitherclub-ossweil.de\/index.php?rest_route=\/wp\/v2\/users\/1"}],"replies":[{"embeddable":true,"href":"https:\/\/zitherclub-ossweil.de\/index.php?rest_route=%2Fwp%2Fv2%2Fcomments&post=1328"}],"version-history":[{"count":6,"href":"https:\/\/zitherclub-ossweil.de\/index.php?rest_route=\/wp\/v2\/pages\/1328\/revisions"}],"predecessor-version":[{"id":2170,"href":"https:\/\/zitherclub-ossweil.de\/index.php?rest_route=\/wp\/v2\/pages\/1328\/revisions\/2170"}],"wp:attachment":[{"href":"https:\/\/zitherclub-ossweil.de\/index.php?rest_route=%2Fwp%2Fv2%2Fmedia&parent=1328"}],"curies":[{"name":"wp","href":"https:\/\/api.w.org\/{rel}","templated":true}]}}