{"id":1331,"date":"2016-12-04T18:21:12","date_gmt":"2016-12-04T17:21:12","guid":{"rendered":"http:\/\/127.0.0.1:81\/wordpress\/?page_id=1331"},"modified":"2022-11-09T22:08:56","modified_gmt":"2022-11-09T21:08:56","slug":"links","status":"publish","type":"page","link":"https:\/\/zitherclub-ossweil.de\/?page_id=1331","title":{"rendered":"Links"},"content":{"rendered":"<h1>Wichtige Links<\/h1>\n<h3>Links auf befreundete Vereine<\/h3>\n<ul>\n<li><a href=\"http:\/\/www.musikverein-ossweil.de\/\" target=\"_blank\" rel=\"noopener noreferrer\">Musikverein O\u00dfweil e.V. Stadtkapelle Ludwigsburg<\/a><\/li>\n<li><a href=\"http:\/\/www.poplibets-ossweil.de\/\" target=\"_blank\" rel=\"noopener noreferrer\">Poplibets O\u00dfweil<\/a><\/li>\n<li><a href=\"http:\/\/www.ossweiler.de\" target=\"_blank\" rel=\"noopener\">Ortsseite von O\u00dfweil<\/a><\/li>\n<\/ul>\n<h3>Links auf Verb\u00e4nde<\/h3>\n<ul>\n<li><a href=\"http:\/\/www.zitherbund.de\" target=\"_blank\" rel=\"noopener noreferrer\">Deutscher Zithermusikbund e.V<\/a><\/li>\n<li><a href=\"http:\/\/www.svgum-ludwigsburg.de\" target=\"_blank\" rel=\"noopener noreferrer\">Stadtverband der Gesang-\u00a0und Musikvereine Ludwigsburg<\/a><\/li>\n<\/ul>\n<h3>Wissenswertes \u00fcber die Zither<\/h3>\n<ul>\n<li><a href=\"https:\/\/de.wikipedia.org\/wiki\/Zither\" target=\"_blank\" rel=\"noopener noreferrer\">Informationen \u00fcber die Zither (Wikipedia)<\/a><\/li>\n<li><a href=\"http:\/\/www.studia-instrumentorum.de\/MUSEUM\/zithern.htm\" target=\"_blank\" rel=\"noopener noreferrer\">Historische Zithern im Musikinstrumentenmuseum Leipzig<\/a><\/li>\n<\/ul>\n","protected":false},"excerpt":{"rendered":"<p>Wichtige Links Links auf befreundete Vereine Musikverein O\u00dfweil e.V. Stadtkapelle Ludwigsburg Poplibets O\u00dfweil Ortsseite von O\u00dfweil Links auf Verb\u00e4nde Deutscher Zithermusikbund e.V Stadtverband der Gesang-\u00a0und Musikvereine Ludwigsburg Wissenswertes \u00fcber die Zither Informationen \u00fcber die Zither (Wikipedia) Historische Zithern im Musikinstrumentenmuseum Leipzig<\/p>\n","protected":false},"author":1,"featured_media":0,"parent":0,"menu_order":0,"comment_status":"closed","ping_status":"closed","template":"","meta":{"gt_page_layout":"","gt_hide_page_title":false,"gt_remove_bottom_margin":false,"footnotes":""},"class_list":["post-1331","page","type-page","status-publish","hentry"],"_links":{"self":[{"href":"https:\/\/zitherclub-ossweil.de\/index.php?rest_route=\/wp\/v2\/pages\/1331","targetHints":{"allow":["GET"]}}],"collection":[{"href":"https:\/\/zitherclub-ossweil.de\/index.php?rest_route=\/wp\/v2\/pages"}],"about":[{"href":"https:\/\/zitherclub-ossweil.de\/index.php?rest_route=\/wp\/v2\/types\/page"}],"author":[{"embeddable":true,"href":"https:\/\/zitherclub-ossweil.de\/index.php?rest_route=\/wp\/v2\/users\/1"}],"replies":[{"embeddable":true,"href":"https:\/\/zitherclub-ossweil.de\/index.php?rest_route=%2Fwp%2Fv2%2Fcomments&post=1331"}],"version-history":[{"count":9,"href":"https:\/\/zitherclub-ossweil.de\/index.php?rest_route=\/wp\/v2\/pages\/1331\/revisions"}],"predecessor-version":[{"id":2500,"href":"https:\/\/zitherclub-ossweil.de\/index.php?rest_route=\/wp\/v2\/pages\/1331\/revisions\/2500"}],"wp:attachment":[{"href":"https:\/\/zitherclub-ossweil.de\/index.php?rest_route=%2Fwp%2Fv2%2Fmedia&parent=1331"}],"curies":[{"name":"wp","href":"https:\/\/api.w.org\/{rel}","templated":true}]}}