{"id":1386,"date":"2016-12-11T16:44:52","date_gmt":"2016-12-11T15:44:52","guid":{"rendered":"http:\/\/127.0.0.1:81\/wordpress\/?page_id=1386"},"modified":"2026-01-18T15:46:13","modified_gmt":"2026-01-18T14:46:13","slug":"homezco","status":"publish","type":"page","link":"https:\/\/zitherclub-ossweil.de\/","title":{"rendered":"Zitherclub O\u00dfweil"},"content":{"rendered":"\n<figure class=\"wp-block-pullquote\"><blockquote><p>Der mitgliederst\u00e4rkste Zitherclub Deutschlands<\/p><\/blockquote><\/figure>\n\n\n\n<figure class=\"wp-block-gallery alignfull has-nested-images columns-default is-cropped wp-block-gallery-1 is-layout-flex wp-block-gallery-is-layout-flex\">\n<figure class=\"wp-block-image size-large\"><img loading=\"lazy\" decoding=\"async\" width=\"1024\" height=\"768\" data-id=\"1942\" src=\"http:\/\/zitherclub-ossweil.de\/wp-content\/uploads\/2017\/07\/20170702_125251-1024x768.jpg\" alt=\"\" class=\"wp-image-1942\" srcset=\"https:\/\/zitherclub-ossweil.de\/wp-content\/uploads\/2017\/07\/20170702_125251-1024x768.jpg 1024w, https:\/\/zitherclub-ossweil.de\/wp-content\/uploads\/2017\/07\/20170702_125251-300x225.jpg 300w, https:\/\/zitherclub-ossweil.de\/wp-content\/uploads\/2017\/07\/20170702_125251-768x576.jpg 768w\" sizes=\"auto, (max-width: 1024px) 100vw, 1024px\" \/><\/figure>\n\n\n\n<figure class=\"wp-block-image size-large\"><img loading=\"lazy\" decoding=\"async\" width=\"1024\" height=\"683\" data-id=\"2225\" src=\"http:\/\/zitherclub-ossweil.de\/wp-content\/uploads\/2019\/10\/IMG_6159-1024x683.jpg\" alt=\"\" class=\"wp-image-2225\" srcset=\"https:\/\/zitherclub-ossweil.de\/wp-content\/uploads\/2019\/10\/IMG_6159-1024x683.jpg 1024w, https:\/\/zitherclub-ossweil.de\/wp-content\/uploads\/2019\/10\/IMG_6159-300x200.jpg 300w, https:\/\/zitherclub-ossweil.de\/wp-content\/uploads\/2019\/10\/IMG_6159-768x512.jpg 768w\" sizes=\"auto, (max-width: 1024px) 100vw, 1024px\" \/><\/figure>\n\n\n\n<figure class=\"wp-block-image size-large\"><img loading=\"lazy\" decoding=\"async\" width=\"1024\" height=\"768\" data-id=\"2216\" src=\"http:\/\/zitherclub-ossweil.de\/wp-content\/uploads\/2019\/10\/Zither-in-Augusta-1024x768.jpg\" alt=\"\" class=\"wp-image-2216\" srcset=\"https:\/\/zitherclub-ossweil.de\/wp-content\/uploads\/2019\/10\/Zither-in-Augusta-1024x768.jpg 1024w, https:\/\/zitherclub-ossweil.de\/wp-content\/uploads\/2019\/10\/Zither-in-Augusta-300x225.jpg 300w, https:\/\/zitherclub-ossweil.de\/wp-content\/uploads\/2019\/10\/Zither-in-Augusta-768x576.jpg 768w\" sizes=\"auto, (max-width: 1024px) 100vw, 1024px\" \/><\/figure>\n<\/figure>\n\n\n\n<style>\n    .center {\n        text-align: center;\n    }\n<\/style> \n<div class=\"center\">\n    <video width=\"600\" controls>\n        <source src=\"http:\/\/zitherclub-ossweil.de\/wp-content\/uploads\/2023\/11\/A3_Circle_of_life.mp4\" type=\"video\/mp4\">\n    <\/video>\n<\/div>\n\n\n\n<h2 class=\"wp-block-heading\"><strong>Aktueller Veranstaltungskalender<\/strong><\/h2>\n\n\n\n<table><colgroup> <col width=\"25%\"> <col width=\"25%\"> <col width=\"50%\"> <\/colgroup>\n<thead>\n<tr>\n<th>Veranstaltung<\/th>\n<th>Termin<\/th>\n<th>Lokation<\/th>\n<\/tr>\n<\/thead>\n<tr>\n<td>Hauptversammlung<\/td>\n<td>05.03.2026<br> 19 Uhr<\/td>\n<td>Vereinsgastst\u00e4tte Kleintierz\u00fcchter O\u00dfweil<\/td>\n<\/tr>\n<tr>\n<td>Stand am Wettemarktfest<\/td>\n<td>09.05.2026<br> ganztags<\/td>\n<td>Wettemarkt O\u00dfweil<\/td>\n<\/tr>\n<tr>\n<td>Zitherhocketse des Zitherlandesverbands<br> Gem\u00fctliches Beisammensein und Zitherspielen<\/td>\n<td>16.05.2026<br> ganztags<\/td>\n<td>Ossweil<br>Infos unter https:\/\/www.lv-bw-zither.de\/aktuelles-2026\/<\/td>\n<\/tr>\n<tr>\n<td>Workshop &#8222;Die Zither \u00fcberrascht\u201c des Zitherlandesverbands<\/td>\n<td>17.05.2026<br> ganztags<\/td>\n<td>O\u00dfweil<\/td>\n<\/tr>\n<tr>\n<td>Auftritt auf dem Landesmusikfestival<\/td>\n<td>20.06.2026<br> ganztags<\/td>\n<td>Sinsheim<\/td>\n<\/tr>\n<tr>\n<td>Auftritt auf dem Sommernacht der Musik<\/td>\n<td>18.07.2026<br> 19:30 Uhr<\/td>\n<td>Ludwigsburg Innenstadt<\/td>\n<\/tr>\n<tr>\n<td>ZCO Jahreskonzert 2026<\/td>\n<td>25.09.2026<br> 19 Uhr<\/td>\n<td>Reithalle, Karlskaserne Ludwigsburg<\/td>\n<\/tr>\n<tr>\n<td>Adventskonzert mit Gl\u00fchweinempfang<\/td>\n<td>06.12.2026<br> 17 Uhr<\/td>\n<td>St. Paulus-Kirche, Schl\u00f6\u00dflesfeld<\/td>\n<\/tr>\n<\/tbody>\n<\/table>\n\n\n\n<p><\/p>\n","protected":false},"excerpt":{"rendered":"<p>Der mitgliederst\u00e4rkste Zitherclub Deutschlands Aktueller Veranstaltungskalender Veranstaltung Termin Lokation Hauptversammlung 05.03.2026 19 Uhr Vereinsgastst\u00e4tte Kleintierz\u00fcchter O\u00dfweil Stand am Wettemarktfest 09.05.2026 ganztags Wettemarkt O\u00dfweil Zitherhocketse des Zitherlandesverbands Gem\u00fctliches Beisammensein und Zitherspielen 16.05.2026 ganztags OssweilInfos unter https:\/\/www.lv-bw-zither.de\/aktuelles-2026\/ Workshop &#8222;Die Zither \u00fcberrascht\u201c des Zitherlandesverbands 17.05.2026 ganztags O\u00dfweil Auftritt auf dem Landesmusikfestival 20.06.2026 ganztags Sinsheim Auftritt auf dem Sommernacht [&hellip;]<\/p>\n","protected":false},"author":1,"featured_media":0,"parent":0,"menu_order":0,"comment_status":"closed","ping_status":"closed","template":"","meta":{"gt_page_layout":"fullwidth","gt_hide_page_title":false,"gt_remove_bottom_margin":false,"footnotes":""},"class_list":["post-1386","page","type-page","status-publish","hentry"],"_links":{"self":[{"href":"https:\/\/zitherclub-ossweil.de\/index.php?rest_route=\/wp\/v2\/pages\/1386","targetHints":{"allow":["GET"]}}],"collection":[{"href":"https:\/\/zitherclub-ossweil.de\/index.php?rest_route=\/wp\/v2\/pages"}],"about":[{"href":"https:\/\/zitherclub-ossweil.de\/index.php?rest_route=\/wp\/v2\/types\/page"}],"author":[{"embeddable":true,"href":"https:\/\/zitherclub-ossweil.de\/index.php?rest_route=\/wp\/v2\/users\/1"}],"replies":[{"embeddable":true,"href":"https:\/\/zitherclub-ossweil.de\/index.php?rest_route=%2Fwp%2Fv2%2Fcomments&post=1386"}],"version-history":[{"count":105,"href":"https:\/\/zitherclub-ossweil.de\/index.php?rest_route=\/wp\/v2\/pages\/1386\/revisions"}],"predecessor-version":[{"id":2671,"href":"https:\/\/zitherclub-ossweil.de\/index.php?rest_route=\/wp\/v2\/pages\/1386\/revisions\/2671"}],"wp:attachment":[{"href":"https:\/\/zitherclub-ossweil.de\/index.php?rest_route=%2Fwp%2Fv2%2Fmedia&parent=1386"}],"curies":[{"name":"wp","href":"https:\/\/api.w.org\/{rel}","templated":true}]}}