{"id":1585,"date":"2016-11-18T20:34:24","date_gmt":"2016-11-18T20:34:24","guid":{"rendered":"http:\/?page_id=2"},"modified":"2020-05-28T22:31:54","modified_gmt":"2020-05-28T21:31:54","slug":"chronik","status":"publish","type":"page","link":"https:\/\/zitherclub-ossweil.de\/?page_id=1585","title":{"rendered":"Chronik"},"content":{"rendered":"<h3><strong>Vorsitzende im Zitherclub O\u00dfweil<\/strong><\/h3>\n<table>\n<colgroup>\n<col width=\"25%\">\n<col width=\"25%\">\n<col width=\"50%\"> <\/colgroup>\n<thead>\n<tr>\n<th>von<\/th>\n<th>bis<\/th>\n<th>Vorsitzende(r)<\/th>\n<\/tr>\n<\/thead>\n<tbody>\n<tr>\n<td>1919<\/td>\n<td>ca. 1925<\/td>\n<td>Heinrich Kirschner<\/td>\n<\/tr>\n<tr>\n<td>ca. 1925<\/td>\n<td>15.02.1930<\/td>\n<td>Eugen Link<\/td>\n<\/tr>\n<tr>\n<td>15.02.1930<\/td>\n<td>04.03.1940<\/td>\n<td>Berthold Breckle<\/td>\n<\/tr>\n<tr>\n<td>13.04.1940<\/td>\n<td>Kriegsende<\/td>\n<td>Max Kirschner<\/td>\n<\/tr>\n<tr>\n<td>1946 \/ 1947<\/td>\n<td>28.02.1948<\/td>\n<td>Eugen Sch\u00fctz<\/td>\n<\/tr>\n<tr>\n<td>28.02.1948<\/td>\n<td>08.04.1961<\/td>\n<td>Max Kirschner<\/td>\n<\/tr>\n<tr>\n<td>08.04.1961<\/td>\n<td>13.02.1987<\/td>\n<td>Herbert Breckle<\/td>\n<\/tr>\n<tr>\n<td>13.02.1987<\/td>\n<td>14.03.1997<\/td>\n<td>J\u00fcrgen Schulz<\/td>\n<\/tr>\n<tr>\n<td>17.01.1998<\/td>\n<td>heute<\/td>\n<td>Sabine Stanjeck<\/td>\n<\/tr>\n<\/tbody>\n<\/table>\n<hr>\n<h3><strong>Dirigenten im Zitherclub O\u00dfweil<\/strong><\/h3>\n<table>\n<colgroup>\n<col width=\"25%\">\n<col width=\"25%\">\n<col width=\"50%\"> <\/colgroup>\n<thead>\n<tr>\n<th>von<\/th>\n<th>bis<\/th>\n<th>Dirigent<\/th>\n<\/tr>\n<\/thead>\n<tbody>\n<tr>\n<td>1919<\/td>\n<td>Mitte 1925<\/td>\n<td>Eugen Eblen<\/td>\n<\/tr>\n<tr>\n<td>Mitte 1925<\/td>\n<td>Juli 1929<\/td>\n<td>Rudolf Mayr<\/td>\n<\/tr>\n<tr>\n<td>Juli 1929<\/td>\n<td>15.02.1930<\/td>\n<td>Erwin Gl\u00e4ser<\/td>\n<\/tr>\n<tr>\n<td>15.02.1930<\/td>\n<td>19.04.1930<\/td>\n<td>Eugen Eblen<\/td>\n<\/tr>\n<tr>\n<td>19.04.1930<\/td>\n<td>21.03.1959<\/td>\n<td>Erwin Gl\u00e4ser<\/td>\n<\/tr>\n<tr>\n<td>21.03.1959<\/td>\n<td>07.03.1986<\/td>\n<td>Alois Stepan<\/td>\n<\/tr>\n<tr>\n<td>07.03.1986<\/td>\n<td>heute<\/td>\n<td>Wolfram Breckle<\/td>\n<\/tr>\n<\/tbody>\n<\/table>\n<hr>\n<h1><strong>Die Chronik im Zeitstrahl<\/strong><\/h1>\n<ul id=\"zeitleiste\">\n<li><time datetime=\"1919\">1919<\/time><br \/>\n<h3>Gr\u00fcndung des&nbsp;<em>Zither-Klub O\u00dfweil<\/em><\/h3>\n<\/li>\n<li><time datetime=\"1927\">1927<\/time><br \/>\n<h3>Beginn der Aufzeichnungen<\/h3>\n<p>Anzahl der Mitglieder: 13 Spieler und 46 passive Mitglieder<\/li>\n<li><time datetime=\"1940\">1940<\/time><br \/>\n<h3><em>Zitherclub O\u00dfweil<\/em><\/h3>\n<p>Umfirmierung in Zitherclub O\u00dfweil<\/li>\n<li><time datetime=\"1967-04-07\">07.04.1967<\/time><br \/>\n<h3>Rundfunkaufnahmen<\/h3>\n<p>beim S\u00fcddeutschen Rundfunk in Stuttgart im Gro\u00dfen Sendesaal; gesendet am 10.05.1967<\/li>\n<li><time datetime=\"1969\">1969<\/time><br \/>\n<h3>50 Jahre<\/h3>\n<p>Zitherclub O\u00dfweil<\/li>\n<li><time datetime=\"1971-09-18\">18.09.1971<\/time><br \/>\n<h3>1. Ludwigsburger Marktplatzfest<\/h3>\n<p>Podiumsdarbietung<\/li>\n<li><time datetime=\"1975-08-30\">30.08.1975<\/time><br \/>\n<h3>5. Ludwigsburger Marktplatzfest<\/h3>\n<p>mit eigenem Stand: &#8222;Heurigenstadel\u201c<\/li>\n<li><time datetime=\"1976-10-21\">21.10.1976<\/time><br \/>\n<h3>Rundfunkaufnahmen<\/h3>\n<p>beim SDR<\/li>\n<li><time datetime=\"2017-02-28\">28.02.2077<\/time><br \/>\n<h3>Bundeswettbewerb \u201eJugend musiziert\u201c<\/h3>\n<p>Zitherduo Wolfram Breckle und Manfred Womes erreichten die Bundesleistungsstufe II<\/li>\n<li><time datetime=\"1977-12-16\">16.12.1977<\/time><br \/>\n<h3>Einweihung der Mehrzweckhalle in O\u00dfweil<\/h3>\n<\/li>\n<li><time datetime=\"1979-03-10\">10.03.1979<\/time><br \/>\n<h3>Landeswettbewerb \u201eJugend musiziert\u201c<\/h3>\n<p>Wolfram Breckle Leistungsstufe I und 1. Preis<\/li>\n<li><time datetime=\"1979-05-23\">23.05.1979<\/time><br \/>\n<h3>Bundeswettbewerb \u201eJugend musiziert\u201c<\/h3>\n<p>Wolfram Breckle erzielte einen 3. Preis<\/li>\n<li><time datetime=\"1979-10-05\">05.10.1979<\/time><br \/>\n<h3>Rundfunkaufnahmen<\/h3>\n<p>beim SDR in der Villa Berg<\/li>\n<li><time datetime=\"1981-06-21\">21.06.1981<\/time><br \/>\n<h3>Landeswettbewerb \u201eJugend spielt in Baden-W\u00fcrttemberg\u201c<\/h3>\n<p>1. Preis<\/li>\n<li><time datetime=\"1982-03-27\">27.03.1982<\/time><br \/>\n<h3>Manfred Breckle<\/h3>\n<p>neuer 1. Vorsitzender des Landesverbandes Baden-W\u00fcrttemberg und Landesjugendleiter<\/li>\n<li><time datetime=\"1983-06-06\">06.05.1983<\/time><br \/>\n<h3>Eintragung in das Vereinsregister<\/h3>\n<p>beim Amtsgericht Ludwigsburg unter Nr. 1036.<br \/>\nDer Verein f\u00fchrt k\u00fcnftig den Namen <em>Zitherclub O\u00dfweil e.V. gegr. 1919<\/em><\/li>\n<li><time datetime=\"1983-03-19\">19.03.1983<\/time><br \/>\n<h3>Landeswettbewerb \u201eJugend musiziert&#8220;<\/h3>\n<p>Sabine Feistritzer erzielte einen 2. Preis,&nbsp;das Jugendquartett einen 1. Preis<\/li>\n<li><time datetime=\"1983-05-15\">15.05.1983<\/time><br \/>\n<h3>Preistr\u00e4gerkonzert in Heidelberg<\/h3>\n<p>zum Festakt spielte unser Jugendquartett<\/li>\n<li><time datetime=\"1983-09-29\">29.09.1983<\/time><br \/>\n<h3>Bundeswettbewerb \u201eJugend musiziert\u201c<\/h3>\n<p>in D\u00fcsseldorf<br \/>\nDas Jugendzitherquartett des Zitherclubs O\u00dfweil erzielte in der Leistungsstufe I einen 1. Preis<\/li>\n<li><time datetime=\"1983-10-17\">17.10.1983<\/time><br \/>\n<h3>Ehrennadel<\/h3>\n<p>Alois Stepan erhielt f\u00fcr seine Verdienste um die Zithermusik die Ehrennadel des Landes Baden-W\u00fcrttemberg<\/li>\n<li><time datetime=\"1983-10-25\">25.10.1983<\/time>\n<ol>\n<li>\n<h3>Preistr\u00e4gerkonzert im wei\u00dfen Saal des Neuen Schlosses<\/h3>\n<p>Insgesamt wurden 53 I. Preistr\u00e4ger beim Bundeswettbewerb ausgezeichnet, allein 16 von Baden-W\u00fcrttemberg,<br \/>\ndavon 4 vom Zitherclub O\u00dfweil e.V.<\/li>\n<li>\n<h3>W\u00fcrttembergisches Staatstheater<\/h3>\n<p>Wolfram Breckle wirkt bei der Oper \u201eDie englische Katze\u201c von Hans Werner Henze am W\u00fcrttembergischen Staatstheater als Solist mit<\/li>\n<\/ol>\n<\/li>\n<li><time datetime=\"1983-12-15\">15.12.1983<\/time><br \/>\n<h3>Ehrung Stadt Ludwigsburg<\/h3>\n<p>Ehrung des Jugendzitherquartetts durch die Stadt Ludwigsburg<\/li>\n<li><time datetime=\"1984-10-31\">31.10.1984<\/time><br \/>\n<h3>&#8222;Stabswechsel\u201c<\/h3>\n<p>Wolfram Breckle \u00fcbernimmt von Alois Stepan die Leitung des Zitherorchesters<br \/>\nAlois Stepan bleibt weiterhin Dirigent<\/li>\n<li><time datetime=\"1985-10-31\">31.10.1985<\/time><br \/>\n<h3>Richtfest Forum<\/h3>\n<p>Der Zitherclub spielt zum Richtfest der neuen Ludwigsburger Stadthalle Forum am Schlosspark<\/li>\n<li><time datetime=\"1987-06-06\">06.06.1987<\/time><br \/>\n<h3>Bundessieger Jugend musiziert<\/h3>\n<p>Sabine Schulz und Mirian Vaneste siegen beim Bundeswettbewerb Jugend musiziert in Saarbr\u00fccken<\/li>\n<li><time datetime=\"1992-05-31\">31.05.1992<\/time><br \/>\n<h3>Bundessieger 3. Deutscher Orchesterwettbewerb<\/h3>\n<p>Unter Leitung von Wolfram Breckle wird das 1. Orchester Bundessieger in der Leistungsstufe I<\/li>\n<\/ul>\n<hr>\n<h2><strong>Chronik Download<\/strong><\/h2>\n<p>Die gesamte Chronik kann hier als PDF runtergeladen werden:<\/p>\n<p><a href=\"http:\/\/127.0.0.1:81\/wordpress\/wp-content\/uploads\/2016\/11\/2008ChronikZCO.pdf\">Die ZCO-Chronik als PDF<\/a><\/p>\n","protected":false},"excerpt":{"rendered":"<p>Vorsitzende im Zitherclub O\u00dfweil von bis Vorsitzende(r) 1919 ca. 1925 Heinrich Kirschner ca. 1925 15.02.1930 Eugen Link 15.02.1930 04.03.1940 Berthold Breckle 13.04.1940 Kriegsende Max Kirschner 1946 \/ 1947 28.02.1948 Eugen Sch\u00fctz 28.02.1948 08.04.1961 Max Kirschner 08.04.1961 13.02.1987 Herbert Breckle 13.02.1987 14.03.1997 J\u00fcrgen Schulz 17.01.1998 heute Sabine Stanjeck Dirigenten im Zitherclub O\u00dfweil von bis Dirigent 1919 [&hellip;]<\/p>\n","protected":false},"author":1,"featured_media":1285,"parent":1429,"menu_order":5,"comment_status":"closed","ping_status":"open","template":"","meta":{"gt_page_layout":"","gt_hide_page_title":false,"gt_remove_bottom_margin":false,"footnotes":""},"class_list":["post-1585","page","type-page","status-publish","has-post-thumbnail","hentry"],"_links":{"self":[{"href":"https:\/\/zitherclub-ossweil.de\/index.php?rest_route=\/wp\/v2\/pages\/1585","targetHints":{"allow":["GET"]}}],"collection":[{"href":"https:\/\/zitherclub-ossweil.de\/index.php?rest_route=\/wp\/v2\/pages"}],"about":[{"href":"https:\/\/zitherclub-ossweil.de\/index.php?rest_route=\/wp\/v2\/types\/page"}],"author":[{"embeddable":true,"href":"https:\/\/zitherclub-ossweil.de\/index.php?rest_route=\/wp\/v2\/users\/1"}],"replies":[{"embeddable":true,"href":"https:\/\/zitherclub-ossweil.de\/index.php?rest_route=%2Fwp%2Fv2%2Fcomments&post=1585"}],"version-history":[{"count":12,"href":"https:\/\/zitherclub-ossweil.de\/index.php?rest_route=\/wp\/v2\/pages\/1585\/revisions"}],"predecessor-version":[{"id":2355,"href":"https:\/\/zitherclub-ossweil.de\/index.php?rest_route=\/wp\/v2\/pages\/1585\/revisions\/2355"}],"up":[{"embeddable":true,"href":"https:\/\/zitherclub-ossweil.de\/index.php?rest_route=\/wp\/v2\/pages\/1429"}],"wp:featuredmedia":[{"embeddable":true,"href":"https:\/\/zitherclub-ossweil.de\/index.php?rest_route=\/"}],"wp:attachment":[{"href":"https:\/\/zitherclub-ossweil.de\/index.php?rest_route=%2Fwp%2Fv2%2Fmedia&parent=1585"}],"curies":[{"name":"wp","href":"https:\/\/api.w.org\/{rel}","templated":true}]}}