{"id":1993,"date":"2018-06-03T13:49:47","date_gmt":"2018-06-03T12:49:47","guid":{"rendered":"http:\/\/zitherclub-ossweil.de\/?page_id=1993"},"modified":"2018-06-03T14:18:14","modified_gmt":"2018-06-03T13:18:14","slug":"datenschutzerklaerung","status":"publish","type":"page","link":"https:\/\/zitherclub-ossweil.de\/?page_id=1993","title":{"rendered":"Datenschutzerkl\u00e4rung"},"content":{"rendered":"<h2>Wer wir sind<\/h2>\n<p>Die Adresse unserer Website ist: http:\/\/zitherclub-ossweil.de.<\/p>\n<h2>Datenschutzerkl\u00e4rung<\/h2>\n<p>Der Zitherclub O\u00dfweil e.V. gegr. 1919 nimmt den Schutz personenbezogener Daten seiner Mitglieder und<br \/>\nseiner Partner ernst; er hat durch technische und organisatorische Ma\u00dfnahmen<br \/>\nsichergestellt, dass die gesetzlichen Vorschriften \u00fcber den Datenschutz sowohl von<br \/>\nihm als auch von potenziellen externen Dienstleistern beachtet und eingehalten werden. Die<br \/>\nBeachtung dieser Verpflichtung wird vom Verein regelm\u00e4\u00dfig kontrolliert. Die<br \/>\nErhebung, Verarbeitung, Nutzung und Weitergabe von Daten erfolgt zum einen mit<br \/>\nEinverst\u00e4ndnis des Dateninhabers, andererseits ausschlie\u00dflich zum Zweck der<br \/>\nErf\u00fcllung der Pflichten des Vereins. Die Weitergabe an Dritte erfolgt nur aus<br \/>\nzwingenden Gr\u00fcnden und im Interesse des Vereins. Das betroffene Vereinsmitglied<br \/>\nhat jederzeit die M\u00f6glichkeit, sich \u00fcber die Verwendung und den Verbleib seiner<br \/>\ngesch\u00fctzten Daten zu informieren; es hat Anspruch auf Dokumentation der Einhaltung<br \/>\ndatenschutzrechtlicher Bestimmungen in Bezug auf ihn. Das Mitglied hat das Recht, jederzeit<br \/>\neine erteilte Einwilligung zu widerrufen und die L\u00f6schung seiner Daten zu verlangen,<br \/>\nArt. 17 DS-GVO.<br \/>\nPartner des Vereins und Dritte werden durch die Einhaltung der<br \/>\nDatenschutzbestimmungen durch die Verantwortlichen des Vereins in gleicher Weise<br \/>\ngesch\u00fctzt. Es findet kein Verkauf oder keine unentgeltliche Weitergabe von Daten<br \/>\nDritter oder Partner des Vereins statt, es sei denn, es l\u00e4ge eine entsprechende<br \/>\nEinwilligung vor.<br \/>\nBei der Einschaltung externer Dienstleister, denen personenbezogene Daten zur<br \/>\nVerf\u00fcgung gestellt werden m\u00fcssen, ist durch Abschluss eines entsprechenden<br \/>\nVertrages sichergestellt, dass die Datenschutzbestimmungen in gleicher Weise auch<br \/>\nvom beauftragten Unternehmen eingehalten werden.<br \/>\nIm Fall des Widerrufs oder der Anzeige von falsch erhobenen Daten werden diese<br \/>\nsofort gel\u00f6scht, Art. 21, 18 DS-GVO. Auf das Beschwerderecht bei einer<br \/>\nDatenschutzaufsichtsbeh\u00f6rde (Art. 77 DS-GVO i. V. m. \u00a7 19 BDSG) wird ausdr\u00fccklich<br \/>\nhingewiesen. F\u00fcr uns zust\u00e4ndig ist der Landesbeauftragte f\u00fcr den Datenschutz und<br \/>\ndie Informationsfreiheit Baden-W\u00fcrttemberg, K\u00f6nigstra\u00dfe 10a, 70173 Stuttgart.<\/p>\n<p>F\u00fcr Datenschutz und Datenverarbeitung in unserem Verein verantwortlich:<br \/>\nJ\u00fcrgen Schulz, Kornwestheimer Str. 17\/3, 71640 Ludwigsburg<\/p>\n","protected":false},"excerpt":{"rendered":"<p>Wer wir sind Die Adresse unserer Website ist: http:\/\/zitherclub-ossweil.de. Datenschutzerkl\u00e4rung Der Zitherclub O\u00dfweil e.V. gegr. 1919 nimmt den Schutz personenbezogener Daten seiner Mitglieder und seiner Partner ernst; er hat durch technische und organisatorische Ma\u00dfnahmen sichergestellt, dass die gesetzlichen Vorschriften \u00fcber den Datenschutz sowohl von ihm als auch von potenziellen externen Dienstleistern beachtet und eingehalten werden. [&hellip;]<\/p>\n","protected":false},"author":1,"featured_media":0,"parent":0,"menu_order":0,"comment_status":"closed","ping_status":"closed","template":"","meta":{"gt_page_layout":"","gt_hide_page_title":false,"gt_remove_bottom_margin":false,"footnotes":""},"class_list":["post-1993","page","type-page","status-publish","hentry"],"_links":{"self":[{"href":"https:\/\/zitherclub-ossweil.de\/index.php?rest_route=\/wp\/v2\/pages\/1993","targetHints":{"allow":["GET"]}}],"collection":[{"href":"https:\/\/zitherclub-ossweil.de\/index.php?rest_route=\/wp\/v2\/pages"}],"about":[{"href":"https:\/\/zitherclub-ossweil.de\/index.php?rest_route=\/wp\/v2\/types\/page"}],"author":[{"embeddable":true,"href":"https:\/\/zitherclub-ossweil.de\/index.php?rest_route=\/wp\/v2\/users\/1"}],"replies":[{"embeddable":true,"href":"https:\/\/zitherclub-ossweil.de\/index.php?rest_route=%2Fwp%2Fv2%2Fcomments&post=1993"}],"version-history":[{"count":3,"href":"https:\/\/zitherclub-ossweil.de\/index.php?rest_route=\/wp\/v2\/pages\/1993\/revisions"}],"predecessor-version":[{"id":2000,"href":"https:\/\/zitherclub-ossweil.de\/index.php?rest_route=\/wp\/v2\/pages\/1993\/revisions\/2000"}],"wp:attachment":[{"href":"https:\/\/zitherclub-ossweil.de\/index.php?rest_route=%2Fwp%2Fv2%2Fmedia&parent=1993"}],"curies":[{"name":"wp","href":"https:\/\/api.w.org\/{rel}","templated":true}]}}