{"id":23,"date":"2016-02-12T08:12:49","date_gmt":"2016-02-12T08:12:49","guid":{"rendered":"http:\/\/demos.famethemes.com\/onepress\/?page_id=23"},"modified":"2026-01-18T15:47:04","modified_gmt":"2026-01-18T14:47:04","slug":"veranstaltungen","status":"publish","type":"page","link":"https:\/\/zitherclub-ossweil.de\/?page_id=23","title":{"rendered":"Veranstaltungen"},"content":{"rendered":"\n<h1 class=\"wp-block-heading\"><strong>Anstehende Termine<\/strong><\/h1>\n\n\n\n<table><colgroup> <col width=\"25%\"> <col width=\"25%\"> <col width=\"50%\"> <\/colgroup>\n<thead>\n<tr>\n<th>Veranstaltung<\/th>\n<th>Termin<\/th>\n<th>Lokation<\/th>\n<\/tr>\n<\/thead>\n<tbody>\n<tr>\n<td>Hauptversammlung<\/td>\n<td>05.03.2026<br> 19 Uhr<\/td>\n<td>Vereinsgastst\u00e4tte Kleintierz\u00fcchter O\u00dfweil<\/td>\n<\/tr>\n<tr>\n<td>Stand am Wettemarktfest<\/td>\n<td>09.05.2026<br> ganztags<\/td>\n<td>Wettemarkt O\u00dfweil<\/td>\n<\/tr>\n<tr>\n<td>Zitherhocketse des Zitherlandesverbands<br> Gem\u00fctliches Beisammensein und Zitherspielen<\/td>\n<td>16.05.2026<br> ganztags<\/td>\n<td>Ossweil<br>Infos unter https:\/\/www.lv-bw-zither.de\/aktuelles-2026\/<\/td>\n<\/tr>\n<tr>\n<td>Workshop &#8222;Die Zither \u00fcberrascht\u201c des Zitherlandesverbands<\/td>\n<td>17.05.2026<br> ganztags<\/td>\n<td>O\u00dfweil<\/td>\n<\/tr>\n<tr>\n<td>Auftritt auf dem Landesmusikfestival<\/td>\n<td>20.06.2026<br> ganztags<\/td>\n<td>Sinsheim<\/td>\n<\/tr>\n<tr>\n<td>Auftritt auf dem Sommernacht der Musik<\/td>\n<td>18.07.2026<br> 19:30 Uhr<\/td>\n<td>Ludwigsburg Innenstadt<\/td>\n<\/tr>\n<tr>\n<td>ZCO Jahreskonzert 2026<\/td>\n<td>25.09.2026<br> 19 Uhr<\/td>\n<td>Reithalle, Karlskaserne Ludwigsburg<\/td>\n<\/tr>\n<tr>\n<td>Adventskonzert mit Gl\u00fchweinempfang<\/td>\n<td>06.12.2026<br> 17 Uhr<\/td>\n<td>St. Paulus-Kirche, Schl\u00f6\u00dflesfeld<\/td>\n<\/tr>\n<\/tbody>\n<\/table>\n\n\n\n<h1 class=\"wp-block-heading\"><strong>Die Highlights unserer Auftritte in den letzten Jahren<\/strong><\/h1>\n\n\n\n<p class=\"has-text-align-left\">2023: &nbsp;&nbsp;&nbsp; Jahreskonzert unter dem Motto Sounds of Disney &#8211; zusammen mit den Ossweiler Poplibets<br>2023: &nbsp;&nbsp;&nbsp; Konzert auf der Strausbergh\u00fctte in Sonthofen auf 1.226m H\u00f6he<br>2022: &nbsp;&nbsp;&nbsp; Konzert auf dem Marktplatz der Ludwigsburger Partnerstadt Nov\u00fd Ji\u010d\u00edn in Tschechien<br>2021: &nbsp;&nbsp;&nbsp; Jahreskonzert unter dem Motto As time goes by &#8230; wir sind wieder zur\u00fcck <br>2019: &nbsp;&nbsp;&nbsp; <a href=\"http:\/\/zitherclub-ossweil.de\/wp-content\/uploads\/2021\/01\/02_Anmoderation-Peter.mp3\">Jubil\u00e4umskonzert <\/a>100 Jahre Zitherclub Ossweil, <br> &nbsp;&nbsp;&nbsp; Zit(h)terpartie von Marc-Oliver Bischoff, Krimilesung mit Peter Ketnath<br>2018: &nbsp;&nbsp;&nbsp; Jahreskonzert unter dem Motto Leinwandgezither (Filmmelodien)<br>2017: &nbsp;&nbsp;&nbsp; Jahreskonzert unter dem Motto Sommer, Sonne, Saiten(wurst)<br>2016: &nbsp;&nbsp;&nbsp; Konzert in der Brauhaush\u00fctte<br>2015: &nbsp;&nbsp;&nbsp; Jahreskonzert unter dem Motto Kontraste<br>2014:&nbsp;&nbsp;&nbsp;&nbsp; 80er-Jahre Konzert zusammen mit dem Poplibets-Chor<br>2013:&nbsp;&nbsp;&nbsp;&nbsp; 20er-Jahre Konzert<br>2012:&nbsp;&nbsp;&nbsp;&nbsp; Best-of-Konzert<br>2012: &nbsp; &nbsp; CD-Aufnahmen in den Tucan Studios Kornwestheim<br>2011:&nbsp;&nbsp;&nbsp;&nbsp; Flower Power Konzert zusammen mit dem Poplibets-Chor<br>2010: &nbsp;&nbsp;&nbsp; Blues &amp; Folk-Konzert mit dem Zithersolisten Michal M\u00fcller<br>2009:&nbsp;&nbsp;&nbsp;&nbsp; Jahreskonzert unter dem Motto Die goldenen 50er<br>2008: &nbsp;&nbsp;&nbsp; Jahreskonzert unter dem Motto Zitherclub meets Hollywood (Filmmusik)<\/p>\n\n\n\n<h2 class=\"wp-block-heading\">Flyer zu einzelnen Konzerten:<\/h2>\n\n\n\n<figure class=\"wp-block-gallery has-nested-images columns-default is-cropped wp-block-gallery-1 is-layout-flex wp-block-gallery-is-layout-flex\">\n<figure class=\"wp-block-image size-large\"><img loading=\"lazy\" decoding=\"async\" width=\"724\" height=\"1024\" data-id=\"2627\" src=\"https:\/\/zitherclub-ossweil.de\/wp-content\/uploads\/2025\/06\/Zither-Cafe-724x1024.jpg\" alt=\"\" class=\"wp-image-2627\" srcset=\"https:\/\/zitherclub-ossweil.de\/wp-content\/uploads\/2025\/06\/Zither-Cafe-724x1024.jpg 724w, https:\/\/zitherclub-ossweil.de\/wp-content\/uploads\/2025\/06\/Zither-Cafe-212x300.jpg 212w, https:\/\/zitherclub-ossweil.de\/wp-content\/uploads\/2025\/06\/Zither-Cafe-768x1086.jpg 768w, https:\/\/zitherclub-ossweil.de\/wp-content\/uploads\/2025\/06\/Zither-Cafe-1086x1536.jpg 1086w, https:\/\/zitherclub-ossweil.de\/wp-content\/uploads\/2025\/06\/Zither-Cafe.jpg 1414w\" sizes=\"auto, (max-width: 724px) 100vw, 724px\" \/><\/figure>\n\n\n\n<figure class=\"wp-block-image size-large\"><img loading=\"lazy\" decoding=\"async\" width=\"724\" height=\"1024\" data-id=\"2653\" src=\"https:\/\/zitherclub-ossweil.de\/wp-content\/uploads\/2025\/10\/Advent25-724x1024.png\" alt=\"\" class=\"wp-image-2653\" srcset=\"https:\/\/zitherclub-ossweil.de\/wp-content\/uploads\/2025\/10\/Advent25-724x1024.png 724w, https:\/\/zitherclub-ossweil.de\/wp-content\/uploads\/2025\/10\/Advent25-212x300.png 212w, https:\/\/zitherclub-ossweil.de\/wp-content\/uploads\/2025\/10\/Advent25-768x1086.png 768w, https:\/\/zitherclub-ossweil.de\/wp-content\/uploads\/2025\/10\/Advent25-1086x1536.png 1086w, https:\/\/zitherclub-ossweil.de\/wp-content\/uploads\/2025\/10\/Advent25.png 1414w\" sizes=\"auto, (max-width: 724px) 100vw, 724px\" \/><\/figure>\n<\/figure>\n\n\n\n<figure class=\"wp-block-gallery has-nested-images columns-default is-cropped wp-block-gallery-2 is-layout-flex wp-block-gallery-is-layout-flex\">\n<figure class=\"wp-block-image size-large\"><img loading=\"lazy\" decoding=\"async\" width=\"724\" height=\"1024\" data-id=\"2531\" src=\"http:\/\/zitherclub-ossweil.de\/wp-content\/uploads\/2023\/07\/zitherclub-soundsofdisney-HP-724x1024.jpg\" alt=\"\" class=\"wp-image-2531\" srcset=\"https:\/\/zitherclub-ossweil.de\/wp-content\/uploads\/2023\/07\/zitherclub-soundsofdisney-HP-724x1024.jpg 724w, https:\/\/zitherclub-ossweil.de\/wp-content\/uploads\/2023\/07\/zitherclub-soundsofdisney-HP-212x300.jpg 212w, https:\/\/zitherclub-ossweil.de\/wp-content\/uploads\/2023\/07\/zitherclub-soundsofdisney-HP-768x1086.jpg 768w, https:\/\/zitherclub-ossweil.de\/wp-content\/uploads\/2023\/07\/zitherclub-soundsofdisney-HP-1086x1536.jpg 1086w, https:\/\/zitherclub-ossweil.de\/wp-content\/uploads\/2023\/07\/zitherclub-soundsofdisney-HP-1448x2048.jpg 1448w, https:\/\/zitherclub-ossweil.de\/wp-content\/uploads\/2023\/07\/zitherclub-soundsofdisney-HP-scaled.jpg 1810w\" sizes=\"auto, (max-width: 724px) 100vw, 724px\" \/><\/figure>\n\n\n\n<figure class=\"wp-block-image size-large\"><img loading=\"lazy\" decoding=\"async\" width=\"729\" height=\"1024\" data-id=\"2520\" src=\"http:\/\/zitherclub-ossweil.de\/wp-content\/uploads\/2023\/06\/ZCO-Strausberg2-729x1024.jpg\" alt=\"\" class=\"wp-image-2520\" srcset=\"https:\/\/zitherclub-ossweil.de\/wp-content\/uploads\/2023\/06\/ZCO-Strausberg2-729x1024.jpg 729w, https:\/\/zitherclub-ossweil.de\/wp-content\/uploads\/2023\/06\/ZCO-Strausberg2-214x300.jpg 214w, https:\/\/zitherclub-ossweil.de\/wp-content\/uploads\/2023\/06\/ZCO-Strausberg2-768x1078.jpg 768w, https:\/\/zitherclub-ossweil.de\/wp-content\/uploads\/2023\/06\/ZCO-Strausberg2.jpg 1059w\" sizes=\"auto, (max-width: 729px) 100vw, 729px\" \/><\/figure>\n\n\n\n<figure class=\"wp-block-image size-large\"><img loading=\"lazy\" decoding=\"async\" width=\"481\" height=\"677\" data-id=\"2481\" src=\"http:\/\/zitherclub-ossweil.de\/wp-content\/uploads\/2022\/05\/Flyer-Konzert-Endversion1.jpg\" alt=\"\" class=\"wp-image-2481\" srcset=\"https:\/\/zitherclub-ossweil.de\/wp-content\/uploads\/2022\/05\/Flyer-Konzert-Endversion1.jpg 481w, https:\/\/zitherclub-ossweil.de\/wp-content\/uploads\/2022\/05\/Flyer-Konzert-Endversion1-213x300.jpg 213w\" sizes=\"auto, (max-width: 481px) 100vw, 481px\" \/><\/figure>\n<\/figure>\n\n\n\n<figure class=\"wp-block-gallery aligncenter has-nested-images columns-default is-cropped wp-block-gallery-3 is-layout-flex wp-block-gallery-is-layout-flex\">\n<figure class=\"wp-block-image size-large\"><img loading=\"lazy\" decoding=\"async\" width=\"724\" height=\"1024\" data-id=\"2171\" src=\"http:\/\/zitherclub-ossweil.de\/wp-content\/uploads\/2019\/07\/Jahreskonzert-Ketnath-724x1024.png\" alt=\"\" class=\"wp-image-2171\" srcset=\"https:\/\/zitherclub-ossweil.de\/wp-content\/uploads\/2019\/07\/Jahreskonzert-Ketnath-724x1024.png 724w, https:\/\/zitherclub-ossweil.de\/wp-content\/uploads\/2019\/07\/Jahreskonzert-Ketnath-212x300.png 212w, https:\/\/zitherclub-ossweil.de\/wp-content\/uploads\/2019\/07\/Jahreskonzert-Ketnath-768x1086.png 768w, https:\/\/zitherclub-ossweil.de\/wp-content\/uploads\/2019\/07\/Jahreskonzert-Ketnath.png 1456w\" sizes=\"auto, (max-width: 724px) 100vw, 724px\" \/><figcaption class=\"wp-element-caption\">Jubil\u00e4umskonzert Krimilesung (2019)<\/figcaption><\/figure>\n\n\n\n<figure class=\"wp-block-image size-large\"><img loading=\"lazy\" decoding=\"async\" width=\"728\" height=\"1024\" data-id=\"2036\" src=\"http:\/\/zitherclub-ossweil.de\/wp-content\/uploads\/2018\/09\/Leinwandgezither_Flyer-vo-728x1024.jpg\" alt=\"\" class=\"wp-image-2036\" srcset=\"https:\/\/zitherclub-ossweil.de\/wp-content\/uploads\/2018\/09\/Leinwandgezither_Flyer-vo-728x1024.jpg 728w, https:\/\/zitherclub-ossweil.de\/wp-content\/uploads\/2018\/09\/Leinwandgezither_Flyer-vo-213x300.jpg 213w, https:\/\/zitherclub-ossweil.de\/wp-content\/uploads\/2018\/09\/Leinwandgezither_Flyer-vo-768x1081.jpg 768w, https:\/\/zitherclub-ossweil.de\/wp-content\/uploads\/2018\/09\/Leinwandgezither_Flyer-vo.jpg 1276w\" sizes=\"auto, (max-width: 728px) 100vw, 728px\" \/><figcaption class=\"wp-element-caption\">Filmmusik Jahreskonzert (2018)<\/figcaption><\/figure>\n\n\n\n<figure class=\"wp-block-image size-large\"><img loading=\"lazy\" decoding=\"async\" width=\"722\" height=\"1024\" data-id=\"1951\" src=\"http:\/\/zitherclub-ossweil.de\/wp-content\/uploads\/2017\/09\/Flyer-Jahreskonzert-vorne-722x1024.jpg\" alt=\"\" class=\"wp-image-1951\" srcset=\"https:\/\/zitherclub-ossweil.de\/wp-content\/uploads\/2017\/09\/Flyer-Jahreskonzert-vorne-722x1024.jpg 722w, https:\/\/zitherclub-ossweil.de\/wp-content\/uploads\/2017\/09\/Flyer-Jahreskonzert-vorne-212x300.jpg 212w, https:\/\/zitherclub-ossweil.de\/wp-content\/uploads\/2017\/09\/Flyer-Jahreskonzert-vorne-768x1089.jpg 768w, https:\/\/zitherclub-ossweil.de\/wp-content\/uploads\/2017\/09\/Flyer-Jahreskonzert-vorne.jpg 903w\" sizes=\"auto, (max-width: 722px) 100vw, 722px\" \/><figcaption class=\"wp-element-caption\">Jahreskonzert 2017<\/figcaption><\/figure>\n\n\n\n<figure class=\"wp-block-image size-large\"><img loading=\"lazy\" decoding=\"async\" width=\"722\" height=\"1024\" data-id=\"1829\" src=\"http:\/\/zitherclub-ossweil.de\/wp-content\/uploads\/2017\/03\/FlyerVorderseitebrauhaus-722x1024.jpg\" alt=\"\" class=\"wp-image-1829\" srcset=\"https:\/\/zitherclub-ossweil.de\/wp-content\/uploads\/2017\/03\/FlyerVorderseitebrauhaus-722x1024.jpg 722w, https:\/\/zitherclub-ossweil.de\/wp-content\/uploads\/2017\/03\/FlyerVorderseitebrauhaus-211x300.jpg 211w, https:\/\/zitherclub-ossweil.de\/wp-content\/uploads\/2017\/03\/FlyerVorderseitebrauhaus-768x1089.jpg 768w, https:\/\/zitherclub-ossweil.de\/wp-content\/uploads\/2017\/03\/FlyerVorderseitebrauhaus.jpg 1259w\" sizes=\"auto, (max-width: 722px) 100vw, 722px\" \/><figcaption class=\"wp-element-caption\">Konzert in der Braushaush\u00fctte (2016)<\/figcaption><\/figure>\n\n\n\n<figure class=\"wp-block-image size-large\"><img loading=\"lazy\" decoding=\"async\" width=\"728\" height=\"1024\" data-id=\"1826\" src=\"http:\/\/zitherclub-ossweil.de\/wp-content\/uploads\/2017\/03\/bestof2vorne-728x1024.jpg\" alt=\"\" class=\"wp-image-1826\" srcset=\"https:\/\/zitherclub-ossweil.de\/wp-content\/uploads\/2017\/03\/bestof2vorne-728x1024.jpg 728w, https:\/\/zitherclub-ossweil.de\/wp-content\/uploads\/2017\/03\/bestof2vorne-213x300.jpg 213w, https:\/\/zitherclub-ossweil.de\/wp-content\/uploads\/2017\/03\/bestof2vorne-768x1081.jpg 768w, https:\/\/zitherclub-ossweil.de\/wp-content\/uploads\/2017\/03\/bestof2vorne.jpg 1276w\" sizes=\"auto, (max-width: 728px) 100vw, 728px\" \/><figcaption class=\"wp-element-caption\">Jahreskonzert 2015<\/figcaption><\/figure>\n\n\n\n<figure class=\"wp-block-image size-large\"><img loading=\"lazy\" decoding=\"async\" width=\"725\" height=\"1024\" data-id=\"1828\" src=\"http:\/\/zitherclub-ossweil.de\/wp-content\/uploads\/2017\/03\/Flyer_Vorderseite80-725x1024.jpg\" alt=\"\" class=\"wp-image-1828\" srcset=\"https:\/\/zitherclub-ossweil.de\/wp-content\/uploads\/2017\/03\/Flyer_Vorderseite80-725x1024.jpg 725w, https:\/\/zitherclub-ossweil.de\/wp-content\/uploads\/2017\/03\/Flyer_Vorderseite80-213x300.jpg 213w, https:\/\/zitherclub-ossweil.de\/wp-content\/uploads\/2017\/03\/Flyer_Vorderseite80-768x1084.jpg 768w, https:\/\/zitherclub-ossweil.de\/wp-content\/uploads\/2017\/03\/Flyer_Vorderseite80.jpg 1276w\" sizes=\"auto, (max-width: 725px) 100vw, 725px\" \/><figcaption class=\"wp-element-caption\">80er Jahre Konzert (2014)<\/figcaption><\/figure>\n\n\n\n<figure class=\"wp-block-image size-large\"><img loading=\"lazy\" decoding=\"async\" width=\"568\" height=\"800\" data-id=\"1824\" src=\"http:\/\/zitherclub-ossweil.de\/wp-content\/uploads\/2017\/03\/971830_4327298840391_391664914_n.jpg\" alt=\"\" class=\"wp-image-1824\" srcset=\"https:\/\/zitherclub-ossweil.de\/wp-content\/uploads\/2017\/03\/971830_4327298840391_391664914_n.jpg 568w, https:\/\/zitherclub-ossweil.de\/wp-content\/uploads\/2017\/03\/971830_4327298840391_391664914_n-213x300.jpg 213w\" sizes=\"auto, (max-width: 568px) 100vw, 568px\" \/><figcaption class=\"wp-element-caption\">Die goldenen 20er (2013)<\/figcaption><\/figure>\n\n\n\n<figure class=\"wp-block-image size-large\"><img loading=\"lazy\" decoding=\"async\" width=\"723\" height=\"1024\" data-id=\"1838\" src=\"http:\/\/zitherclub-ossweil.de\/wp-content\/uploads\/2017\/03\/Flyervorne-723x1024.jpg\" alt=\"\" class=\"wp-image-1838\" srcset=\"https:\/\/zitherclub-ossweil.de\/wp-content\/uploads\/2017\/03\/Flyervorne-723x1024.jpg 723w, https:\/\/zitherclub-ossweil.de\/wp-content\/uploads\/2017\/03\/Flyervorne-212x300.jpg 212w, https:\/\/zitherclub-ossweil.de\/wp-content\/uploads\/2017\/03\/Flyervorne-768x1088.jpg 768w, https:\/\/zitherclub-ossweil.de\/wp-content\/uploads\/2017\/03\/Flyervorne.jpg 1276w\" sizes=\"auto, (max-width: 723px) 100vw, 723px\" \/><figcaption class=\"wp-element-caption\">Blues &amp; Folk Konzert mit Michal M\u00fcller<\/figcaption><\/figure>\n\n\n\n<figure class=\"wp-block-image size-large\"><img loading=\"lazy\" decoding=\"async\" width=\"510\" height=\"718\" data-id=\"1839\" src=\"http:\/\/zitherclub-ossweil.de\/wp-content\/uploads\/2017\/03\/vorderseite.gif\" alt=\"\" class=\"wp-image-1839\"\/><figcaption class=\"wp-element-caption\">50er Jahre Konzert (2009)<\/figcaption><\/figure>\n<\/figure>\n","protected":false},"excerpt":{"rendered":"<p>Morbi in sem quis dui placerat ornare. Pellentesque odio nisi euismod in pharetra a ultricies.<\/p>\n","protected":false},"author":1,"featured_media":0,"parent":0,"menu_order":0,"comment_status":"closed","ping_status":"closed","template":"","meta":{"gt_page_layout":"","gt_hide_page_title":false,"gt_remove_bottom_margin":false,"footnotes":""},"class_list":["post-23","page","type-page","status-publish","hentry"],"_links":{"self":[{"href":"https:\/\/zitherclub-ossweil.de\/index.php?rest_route=\/wp\/v2\/pages\/23","targetHints":{"allow":["GET"]}}],"collection":[{"href":"https:\/\/zitherclub-ossweil.de\/index.php?rest_route=\/wp\/v2\/pages"}],"about":[{"href":"https:\/\/zitherclub-ossweil.de\/index.php?rest_route=\/wp\/v2\/types\/page"}],"author":[{"embeddable":true,"href":"https:\/\/zitherclub-ossweil.de\/index.php?rest_route=\/wp\/v2\/users\/1"}],"replies":[{"embeddable":true,"href":"https:\/\/zitherclub-ossweil.de\/index.php?rest_route=%2Fwp%2Fv2%2Fcomments&post=23"}],"version-history":[{"count":174,"href":"https:\/\/zitherclub-ossweil.de\/index.php?rest_route=\/wp\/v2\/pages\/23\/revisions"}],"predecessor-version":[{"id":2672,"href":"https:\/\/zitherclub-ossweil.de\/index.php?rest_route=\/wp\/v2\/pages\/23\/revisions\/2672"}],"wp:attachment":[{"href":"https:\/\/zitherclub-ossweil.de\/index.php?rest_route=%2Fwp%2Fv2%2Fmedia&parent=23"}],"curies":[{"name":"wp","href":"https:\/\/api.w.org\/{rel}","templated":true}]}}